{"id":86,"date":"2024-08-20T16:27:11","date_gmt":"2024-08-20T14:27:11","guid":{"rendered":"https:\/\/lesateliersm.fr\/?page_id=86"},"modified":"2025-01-07T09:58:06","modified_gmt":"2025-01-07T08:58:06","slug":"accueil","status":"publish","type":"page","link":"https:\/\/lesateliersm.fr\/","title":{"rendered":"LES ATELIERS M"},"content":{"rendered":"\n<p class=\"has-medium-font-size\"><strong>D\u00c9CORATION | SC\u00c9NOGRAPHIE | AGENCEMENT D&rsquo;\u00c9V\u00c9NEMENTS<\/strong><\/p>\n\n\n\n<figure class=\"wp-block-image size-large is-resized\"><img loading=\"lazy\" decoding=\"async\" width=\"1024\" height=\"683\" src=\"http:\/\/lesateliersm.fr\/wp-content\/uploads\/2024\/11\/IMG_3619-scaled-e1731657245484-1024x683.jpg\" alt=\"\" class=\"wp-image-275\" style=\"width:1140px;height:auto\" srcset=\"https:\/\/lesateliersm.fr\/wp-content\/uploads\/2024\/11\/IMG_3619-scaled-e1731657245484-1024x683.jpg 1024w, https:\/\/lesateliersm.fr\/wp-content\/uploads\/2024\/11\/IMG_3619-scaled-e1731657245484-300x200.jpg 300w, https:\/\/lesateliersm.fr\/wp-content\/uploads\/2024\/11\/IMG_3619-scaled-e1731657245484-2000x1334.jpg 2000w, https:\/\/lesateliersm.fr\/wp-content\/uploads\/2024\/11\/IMG_3619-scaled-e1731657245484-768x512.jpg 768w, https:\/\/lesateliersm.fr\/wp-content\/uploads\/2024\/11\/IMG_3619-scaled-e1731657245484-1536x1024.jpg 1536w, https:\/\/lesateliersm.fr\/wp-content\/uploads\/2024\/11\/IMG_3619-scaled-e1731657245484-2048x1366.jpg 2048w\" sizes=\"auto, (max-width: 1024px) 100vw, 1024px\" \/><\/figure>\n\n\n\n<div style=\"height:59px\" aria-hidden=\"true\" class=\"wp-block-spacer\"><\/div>\n\n\n\n<p class=\"has-medium-font-size\"><strong>FESTIVALS | CONCERTS | TOURN\u00c9ES | CORPORATE | CONGR\u00c8S | SALONS<\/strong> <\/p>\n\n\n\n<figure class=\"wp-block-image size-large is-resized\"><img loading=\"lazy\" decoding=\"async\" width=\"1024\" height=\"768\" src=\"http:\/\/lesateliersm.fr\/wp-content\/uploads\/2025\/01\/20240913_093907-1024x768.jpg\" alt=\"\" class=\"wp-image-397\" style=\"width:1140px;height:auto\" srcset=\"https:\/\/lesateliersm.fr\/wp-content\/uploads\/2025\/01\/20240913_093907-1024x768.jpg 1024w, https:\/\/lesateliersm.fr\/wp-content\/uploads\/2025\/01\/20240913_093907-300x225.jpg 300w, https:\/\/lesateliersm.fr\/wp-content\/uploads\/2025\/01\/20240913_093907-2000x1500.jpg 2000w\" sizes=\"auto, (max-width: 1024px) 100vw, 1024px\" \/><\/figure>\n\n\n\n<div style=\"height:59px\" aria-hidden=\"true\" class=\"wp-block-spacer\"><\/div>\n\n\n\n<p class=\"has-medium-font-size\"><\/p>\n\n\n\n<p><\/p>\n","protected":false},"excerpt":{"rendered":"<p>D\u00c9CORATION | SC\u00c9NOGRAPHIE | AGENCEMENT D&rsquo;\u00c9V\u00c9NEMENTS FESTIVALS | CONCERTS | TOURN\u00c9ES | CORPORATE | CONGR\u00c8S | SALONS<\/p>\n","protected":false},"author":1,"featured_media":18,"parent":0,"menu_order":0,"comment_status":"closed","ping_status":"closed","template":"","meta":{"footnotes":""},"class_list":["post-86","page","type-page","status-publish","has-post-thumbnail","hentry"],"_links":{"self":[{"href":"https:\/\/lesateliersm.fr\/index.php\/wp-json\/wp\/v2\/pages\/86","targetHints":{"allow":["GET"]}}],"collection":[{"href":"https:\/\/lesateliersm.fr\/index.php\/wp-json\/wp\/v2\/pages"}],"about":[{"href":"https:\/\/lesateliersm.fr\/index.php\/wp-json\/wp\/v2\/types\/page"}],"author":[{"embeddable":true,"href":"https:\/\/lesateliersm.fr\/index.php\/wp-json\/wp\/v2\/users\/1"}],"replies":[{"embeddable":true,"href":"https:\/\/lesateliersm.fr\/index.php\/wp-json\/wp\/v2\/comments?post=86"}],"version-history":[{"count":14,"href":"https:\/\/lesateliersm.fr\/index.php\/wp-json\/wp\/v2\/pages\/86\/revisions"}],"predecessor-version":[{"id":405,"href":"https:\/\/lesateliersm.fr\/index.php\/wp-json\/wp\/v2\/pages\/86\/revisions\/405"}],"wp:featuredmedia":[{"embeddable":true,"href":"https:\/\/lesateliersm.fr\/index.php\/wp-json\/wp\/v2\/media\/18"}],"wp:attachment":[{"href":"https:\/\/lesateliersm.fr\/index.php\/wp-json\/wp\/v2\/media?parent=86"}],"curies":[{"name":"wp","href":"https:\/\/api.w.org\/{rel}","templated":true}]}}